{"id":37,"date":"2020-10-05T18:17:48","date_gmt":"2020-10-05T18:17:48","guid":{"rendered":"https:\/\/labarcadelaluna.com\/?page_id=37"},"modified":"2021-06-02T01:44:43","modified_gmt":"2021-06-02T01:44:43","slug":"homepage","status":"publish","type":"page","link":"https:\/\/labarcadelaluna.com\/","title":{"rendered":"Libros para ni\u00f1os y j\u00f3venes"},"content":{"rendered":"\n<div class=\"wp-block-nextend-smartslider3\"><\/div>\n\n\n\n<div style=\"height:100px\" aria-hidden=\"true\" class=\"wp-block-spacer\"><\/div>\n\n\n\n<h2 class=\"has-text-align-center\">Nuestros e-Books<\/h2>\n\n\n\n<div style=\"height:100px\" aria-hidden=\"true\" class=\"wp-block-spacer\"><\/div>\n\n\n\n\n\n<div class=\"wp-block-media-text alignwide\" style=\"grid-template-columns:60% auto\"><figure class=\"wp-block-media-text__media\"><img loading=\"lazy\" width=\"970\" height=\"394\" src=\"https:\/\/labarcadelaluna.com\/wp-content\/uploads\/2020\/12\/Screen-Shot-2020-12-29-at-5.26.52-PM.png\" alt=\"\" class=\"wp-image-268 size-full\" srcset=\"https:\/\/labarcadelaluna.com\/wp-content\/uploads\/2020\/12\/Screen-Shot-2020-12-29-at-5.26.52-PM.png 970w, https:\/\/labarcadelaluna.com\/wp-content\/uploads\/2020\/12\/Screen-Shot-2020-12-29-at-5.26.52-PM-300x122.png 300w, https:\/\/labarcadelaluna.com\/wp-content\/uploads\/2020\/12\/Screen-Shot-2020-12-29-at-5.26.52-PM-768x312.png 768w, https:\/\/labarcadelaluna.com\/wp-content\/uploads\/2020\/12\/Screen-Shot-2020-12-29-at-5.26.52-PM-416x169.png 416w\" sizes=\"(max-width: 970px) 100vw, 970px\" \/><\/figure><div class=\"wp-block-media-text__content\">\n<p class=\"has-text-align-center\">El Hilito: libro imprescindible para j\u00f3venes y adultos<\/p>\n<\/div><\/div>\n\n\n\n<div style=\"height:100px\" aria-hidden=\"true\" class=\"wp-block-spacer\"><\/div>\n\n\n\n<div class=\"wp-block-media-text alignwide has-media-on-the-right\" style=\"grid-template-columns:auto 37%\"><figure class=\"wp-block-media-text__media\"><img loading=\"lazy\" width=\"1007\" height=\"870\" src=\"https:\/\/labarcadelaluna.com\/wp-content\/uploads\/2020\/12\/IMG-20191127-WA0018.jpg\" alt=\"\" class=\"wp-image-261 size-full\" srcset=\"https:\/\/labarcadelaluna.com\/wp-content\/uploads\/2020\/12\/IMG-20191127-WA0018.jpg 1007w, https:\/\/labarcadelaluna.com\/wp-content\/uploads\/2020\/12\/IMG-20191127-WA0018-300x259.jpg 300w, https:\/\/labarcadelaluna.com\/wp-content\/uploads\/2020\/12\/IMG-20191127-WA0018-768x664.jpg 768w, https:\/\/labarcadelaluna.com\/wp-content\/uploads\/2020\/12\/IMG-20191127-WA0018-416x359.jpg 416w\" sizes=\"(max-width: 1007px) 100vw, 1007px\" \/><\/figure><div class=\"wp-block-media-text__content\">\n<p class=\"has-text-align-right\">Historias que se nutren de la filosof\u00eda, poes\u00eda, las experiencias profundas y el crecimiento humano<\/p>\n<\/div><\/div>\n\n\n\n<div style=\"height:100px\" aria-hidden=\"true\" class=\"wp-block-spacer\"><\/div>\n\n\n\n<p><\/p>\n\n\n\n<div class=\"wp-block-media-text alignwide is-stacked-on-mobile\" style=\"grid-template-columns:30% auto\"><figure class=\"wp-block-media-text__media\"><img loading=\"lazy\" width=\"415\" height=\"407\" src=\"http:\/\/labarcadelaluna.com\/wp-content\/uploads\/2020\/12\/20200907_100211.png\" alt=\"\" class=\"wp-image-259 size-full\" srcset=\"https:\/\/labarcadelaluna.com\/wp-content\/uploads\/2020\/12\/20200907_100211.png 415w, https:\/\/labarcadelaluna.com\/wp-content\/uploads\/2020\/12\/20200907_100211-300x294.png 300w\" sizes=\"(max-width: 415px) 100vw, 415px\" \/><\/figure><div class=\"wp-block-media-text__content\">\n<blockquote class=\"wp-block-quote\"><p>&#8220;Somos una gota del oc\u00e9ano que al ser traspasada por la luz del sol refracta un espectro multicolor&#8221;<\/p><cite>Maria Carla Jugo<\/cite><\/blockquote>\n\n\n\n<p><\/p>\n\n\n\n<p><\/p>\n<\/div><\/div>\n","protected":false},"excerpt":{"rendered":"<p>Nuestros e-Books El Hilito: libro imprescindible para j\u00f3venes y adultos Historias que se nutren de la filosof\u00eda, poes\u00eda, las experiencias profundas y el crecimiento humano &#8220;Somos una gota del oc\u00e9ano que al ser traspasada por la luz del sol refracta un espectro multicolor&#8221; Maria Carla Jugo<\/p>\n","protected":false},"author":1,"featured_media":0,"parent":0,"menu_order":0,"comment_status":"closed","ping_status":"closed","template":"","meta":{"spay_email":""},"_links":{"self":[{"href":"https:\/\/labarcadelaluna.com\/index.php?rest_route=\/wp\/v2\/pages\/37"}],"collection":[{"href":"https:\/\/labarcadelaluna.com\/index.php?rest_route=\/wp\/v2\/pages"}],"about":[{"href":"https:\/\/labarcadelaluna.com\/index.php?rest_route=\/wp\/v2\/types\/page"}],"author":[{"embeddable":true,"href":"https:\/\/labarcadelaluna.com\/index.php?rest_route=\/wp\/v2\/users\/1"}],"replies":[{"embeddable":true,"href":"https:\/\/labarcadelaluna.com\/index.php?rest_route=%2Fwp%2Fv2%2Fcomments&post=37"}],"version-history":[{"count":28,"href":"https:\/\/labarcadelaluna.com\/index.php?rest_route=\/wp\/v2\/pages\/37\/revisions"}],"predecessor-version":[{"id":373,"href":"https:\/\/labarcadelaluna.com\/index.php?rest_route=\/wp\/v2\/pages\/37\/revisions\/373"}],"wp:attachment":[{"href":"https:\/\/labarcadelaluna.com\/index.php?rest_route=%2Fwp%2Fv2%2Fmedia&parent=37"}],"curies":[{"name":"wp","href":"https:\/\/api.w.org\/{rel}","templated":true}]}}