{"id":7,"date":"2020-10-01T19:50:36","date_gmt":"2020-10-01T19:50:36","guid":{"rendered":"http:\/\/labarcadelaluna.com\/?page_id=7"},"modified":"2020-10-11T16:57:19","modified_gmt":"2020-10-11T16:57:19","slug":"about","status":"publish","type":"page","link":"https:\/\/labarcadelaluna.com\/?page_id=7","title":{"rendered":"Qui\u00e9nes somos"},"content":{"rendered":"\n<p>Fundada en 2007, La Barca de la Luna Ediciones es una divisi\u00f3n del Grupo Playco, dedicada a la producci\u00f3n de libros de poes\u00eda y filosof\u00eda para ni\u00f1os y j\u00f3venes en peque\u00f1o formato, con extraordinarias ilustraciones impresas a dos tintas. Asimismo, La Barca de la Luna Ediciones es responsable de la distribuci\u00f3n de los libros de Playco Editores a nivel nacional.<br>Founded in 2007, La Barca de la Luna Ediciones is a division of Playco Group dedicated to the production of poetry and philosophy books for children and youths. The small format books, with extraordinary illustrations in two dyes, are inspired in the poetic and recreational elements of the image. As well, La Barca de la Luna Ediciones is responsible for the distribution of Playco Editores books nationwide.<\/p>\n\n\n\n<div class=\"wp-block-image\"><figure class=\"aligncenter size-large is-resized\"><img loading=\"lazy\" src=\"http:\/\/labarcadelaluna.com\/wp-content\/uploads\/2020\/10\/00100sPORTRAIT_00100_BURST20180714154015389_COVER-1-768x1024.jpg\" alt=\"\" class=\"wp-image-171\" width=\"263\" height=\"351\" srcset=\"https:\/\/labarcadelaluna.com\/wp-content\/uploads\/2020\/10\/00100sPORTRAIT_00100_BURST20180714154015389_COVER-1-768x1024.jpg 768w, https:\/\/labarcadelaluna.com\/wp-content\/uploads\/2020\/10\/00100sPORTRAIT_00100_BURST20180714154015389_COVER-1-225x300.jpg 225w, https:\/\/labarcadelaluna.com\/wp-content\/uploads\/2020\/10\/00100sPORTRAIT_00100_BURST20180714154015389_COVER-1-1152x1536.jpg 1152w, https:\/\/labarcadelaluna.com\/wp-content\/uploads\/2020\/10\/00100sPORTRAIT_00100_BURST20180714154015389_COVER-1-1536x2048.jpg 1536w, https:\/\/labarcadelaluna.com\/wp-content\/uploads\/2020\/10\/00100sPORTRAIT_00100_BURST20180714154015389_COVER-1-416x555.jpg 416w, https:\/\/labarcadelaluna.com\/wp-content\/uploads\/2020\/10\/00100sPORTRAIT_00100_BURST20180714154015389_COVER-1-scaled.jpg 1920w\" sizes=\"(max-width: 263px) 100vw, 263px\" \/><\/figure><\/div>\n","protected":false},"excerpt":{"rendered":"<p>Fundada en 2007, La Barca de la Luna Ediciones es una divisi\u00f3n del Grupo Playco, dedicada a la producci\u00f3n de libros de poes\u00eda y filosof\u00eda para ni\u00f1os y j\u00f3venes en peque\u00f1o formato, con extraordinarias ilustraciones impresas a dos tintas. Asimismo, La Barca de la Luna Ediciones es responsable de la distribuci\u00f3n de los libros de [&hellip;]<\/p>\n","protected":false},"author":1,"featured_media":0,"parent":0,"menu_order":0,"comment_status":"closed","ping_status":"closed","template":"","meta":{"spay_email":""},"_links":{"self":[{"href":"https:\/\/labarcadelaluna.com\/index.php?rest_route=\/wp\/v2\/pages\/7"}],"collection":[{"href":"https:\/\/labarcadelaluna.com\/index.php?rest_route=\/wp\/v2\/pages"}],"about":[{"href":"https:\/\/labarcadelaluna.com\/index.php?rest_route=\/wp\/v2\/types\/page"}],"author":[{"embeddable":true,"href":"https:\/\/labarcadelaluna.com\/index.php?rest_route=\/wp\/v2\/users\/1"}],"replies":[{"embeddable":true,"href":"https:\/\/labarcadelaluna.com\/index.php?rest_route=%2Fwp%2Fv2%2Fcomments&post=7"}],"version-history":[{"count":5,"href":"https:\/\/labarcadelaluna.com\/index.php?rest_route=\/wp\/v2\/pages\/7\/revisions"}],"predecessor-version":[{"id":172,"href":"https:\/\/labarcadelaluna.com\/index.php?rest_route=\/wp\/v2\/pages\/7\/revisions\/172"}],"wp:attachment":[{"href":"https:\/\/labarcadelaluna.com\/index.php?rest_route=%2Fwp%2Fv2%2Fmedia&parent=7"}],"curies":[{"name":"wp","href":"https:\/\/api.w.org\/{rel}","templated":true}]}}